{"id":98,"date":"2025-10-22T16:13:20","date_gmt":"2025-10-22T19:13:20","guid":{"rendered":"https:\/\/bpcanadashingle.com.br\/?page_id=98"},"modified":"2025-12-02T16:03:13","modified_gmt":"2025-12-02T19:03:13","slug":"sobre","status":"publish","type":"page","link":"https:\/\/bpcanadashingle.com.br\/index.php\/sobre\/","title":{"rendered":"Sobre"},"content":{"rendered":"\t\t<div data-elementor-type=\"wp-page\" data-elementor-id=\"98\" class=\"elementor elementor-98\" data-elementor-post-type=\"page\">\n\t\t\t\t<div class=\"elementor-element elementor-element-4693e1f e-flex e-con-boxed e-con e-parent\" data-id=\"4693e1f\" data-element_type=\"container\" data-e-type=\"container\" data-settings=\"{&quot;background_background&quot;:&quot;classic&quot;}\">\n\t\t\t\t\t<div class=\"e-con-inner\">\n\t\t<div class=\"elementor-element elementor-element-0ba1b59 e-con-full e-flex e-con e-child\" data-id=\"0ba1b59\" data-element_type=\"container\" data-e-type=\"container\" data-settings=\"{&quot;background_background&quot;:&quot;classic&quot;}\">\n\t\t\t\t<div class=\"elementor-element elementor-element-f56c6d7 animated-slow elementor-invisible elementor-widget elementor-widget-heading\" data-id=\"f56c6d7\" data-element_type=\"widget\" data-e-type=\"widget\" data-settings=\"{&quot;_animation&quot;:&quot;fadeInLeft&quot;}\" data-widget_type=\"heading.default\">\n\t\t\t\t\t<h2 class=\"elementor-heading-title elementor-size-default\">Sobre N\u00f3s<\/h2>\t\t\t\t<\/div>\n\t\t\t\t<div class=\"elementor-element elementor-element-4913156 elementor-hidden-desktop animated-slow elementor-invisible elementor-widget elementor-widget-image\" data-id=\"4913156\" data-element_type=\"widget\" data-e-type=\"widget\" data-settings=\"{&quot;_animation&quot;:&quot;fadeInLeft&quot;,&quot;_animation_delay&quot;:100}\" data-widget_type=\"image.default\">\n\t\t\t\t\t\t\t\t\t\t\t\t\t\t\t<img fetchpriority=\"high\" decoding=\"async\" width=\"1600\" height=\"900\" src=\"https:\/\/bpcanadashingle.com.br\/wp-content\/uploads\/2025\/10\/img-sobre.webp\" class=\"attachment-full size-full wp-image-162\" alt=\"\" srcset=\"https:\/\/bpcanadashingle.com.br\/wp-content\/uploads\/2025\/10\/img-sobre.webp 1600w, https:\/\/bpcanadashingle.com.br\/wp-content\/uploads\/2025\/10\/img-sobre-300x169.webp 300w, https:\/\/bpcanadashingle.com.br\/wp-content\/uploads\/2025\/10\/img-sobre-1024x576.webp 1024w, https:\/\/bpcanadashingle.com.br\/wp-content\/uploads\/2025\/10\/img-sobre-768x432.webp 768w, https:\/\/bpcanadashingle.com.br\/wp-content\/uploads\/2025\/10\/img-sobre-1536x864.webp 1536w\" sizes=\"(max-width: 1600px) 100vw, 1600px\" \/>\t\t\t\t\t\t\t\t\t\t\t\t\t\t\t<\/div>\n\t\t\t\t<div class=\"elementor-element elementor-element-0276657 animated-slow elementor-invisible elementor-widget elementor-widget-text-editor\" data-id=\"0276657\" data-element_type=\"widget\" data-e-type=\"widget\" data-settings=\"{&quot;_animation&quot;:&quot;fadeInLeft&quot;,&quot;_animation_delay&quot;:100}\" data-widget_type=\"text-editor.default\">\n\t\t\t\t\t\t\t\t\t<p data-path-to-node=\"7,0\">Com mais de um s\u00e9culo de excel\u00eancia na fabrica\u00e7\u00e3o de coberturas, a <b>BP CANADA<\/b> \u00e9 refer\u00eancia global em telhas shingle. Nosso diferencial reside em uma tecnologia exclusiva que une durabilidade extrema e seguran\u00e7a: o <b>sistema de duplo selante<\/b>.<\/p><p data-path-to-node=\"7,1\">Desenvolvida para superar os padr\u00f5es convencionais do mercado, esta inova\u00e7\u00e3o garante uma veda\u00e7\u00e3o superior contra intemp\u00e9ries. Mais do que prote\u00e7\u00e3o total, as telhas BP Canada real\u00e7am a beleza natural da arquitetura, agregando valor est\u00e9tico e financeiro ao seu im\u00f3vel, seja em novos projetos ou reformas.<\/p>\t\t\t\t\t\t\t\t<\/div>\n\t\t\t\t<\/div>\n\t\t<div class=\"elementor-element elementor-element-73a01e8 e-con-full elementor-hidden-mobile animated-slow elementor-hidden-tablet e-flex elementor-invisible e-con e-child\" data-id=\"73a01e8\" data-element_type=\"container\" data-e-type=\"container\" data-settings=\"{&quot;background_background&quot;:&quot;classic&quot;,&quot;animation&quot;:&quot;fadeInRight&quot;,&quot;animation_delay&quot;:100}\">\n\t\t\t\t<div class=\"elementor-element elementor-element-55ec362 elementor-hidden-desktop elementor-hidden-tablet elementor-hidden-mobile elementor-widget elementor-widget-image\" data-id=\"55ec362\" data-element_type=\"widget\" data-e-type=\"widget\" data-widget_type=\"image.default\">\n\t\t\t\t\t\t\t\t\t\t\t\t\t\t\t<img fetchpriority=\"high\" decoding=\"async\" width=\"1600\" height=\"900\" src=\"https:\/\/bpcanadashingle.com.br\/wp-content\/uploads\/2025\/10\/img-sobre.webp\" class=\"attachment-full size-full wp-image-162\" alt=\"\" srcset=\"https:\/\/bpcanadashingle.com.br\/wp-content\/uploads\/2025\/10\/img-sobre.webp 1600w, https:\/\/bpcanadashingle.com.br\/wp-content\/uploads\/2025\/10\/img-sobre-300x169.webp 300w, https:\/\/bpcanadashingle.com.br\/wp-content\/uploads\/2025\/10\/img-sobre-1024x576.webp 1024w, https:\/\/bpcanadashingle.com.br\/wp-content\/uploads\/2025\/10\/img-sobre-768x432.webp 768w, https:\/\/bpcanadashingle.com.br\/wp-content\/uploads\/2025\/10\/img-sobre-1536x864.webp 1536w\" sizes=\"(max-width: 1600px) 100vw, 1600px\" \/>\t\t\t\t\t\t\t\t\t\t\t\t\t\t\t<\/div>\n\t\t\t\t<\/div>\n\t\t\t\t\t<\/div>\n\t\t\t\t<\/div>\n\t\t<div class=\"elementor-element elementor-element-3d660bd e-flex e-con-boxed e-con e-parent\" data-id=\"3d660bd\" data-element_type=\"container\" data-e-type=\"container\" data-settings=\"{&quot;background_background&quot;:&quot;classic&quot;}\">\n\t\t\t\t\t<div class=\"e-con-inner\">\n\t\t<div class=\"elementor-element elementor-element-903356c e-con-full animated-slow e-flex elementor-invisible e-con e-child\" data-id=\"903356c\" data-element_type=\"container\" data-e-type=\"container\" data-settings=\"{&quot;background_background&quot;:&quot;classic&quot;,&quot;animation&quot;:&quot;fadeInLeft&quot;,&quot;animation_delay&quot;:100}\">\n\t\t\t\t<div class=\"elementor-element elementor-element-73ea803 elementor-view-default elementor-position-block-start elementor-mobile-position-block-start elementor-widget elementor-widget-icon-box\" data-id=\"73ea803\" data-element_type=\"widget\" data-e-type=\"widget\" data-widget_type=\"icon-box.default\">\n\t\t\t\t\t\t\t<div class=\"elementor-icon-box-wrapper\">\n\n\t\t\t\t\t\t<div class=\"elementor-icon-box-icon\">\n\t\t\t\t<span  class=\"elementor-icon\">\n\t\t\t\t<svg xmlns=\"http:\/\/www.w3.org\/2000\/svg\" width=\"66\" height=\"66\" viewBox=\"0 0 66 66\" fill=\"none\"><rect width=\"66\" height=\"66\" rx=\"33\" fill=\"#5D82F7\" fill-opacity=\"0.21\"><\/rect><g clip-path=\"url(#clip0_1828_4322)\"><mask id=\"mask0_1828_4322\" style=\"mask-type:luminance\" maskUnits=\"userSpaceOnUse\" x=\"14\" y=\"14\" width=\"38\" height=\"38\"><path d=\"M14.5 14.5H51.5V51.5H14.5V14.5Z\" fill=\"white\"><\/path><\/mask><g mask=\"url(#mask0_1828_4322)\"><path d=\"M47.9191 24.0331C49.4963 26.652 50.4055 29.7201 50.4055 33C50.4055 42.6128 42.6128 50.4054 33.0001 50.4054C23.3873 50.4054 15.5947 42.6128 15.5947 33C15.5947 23.3873 23.3873 15.5947 33.0001 15.5947C36.3397 15.5947 39.5949 16.6166 42.2447 18.2472\" stroke=\"#5D82F7\" stroke-width=\"2.16797\" stroke-miterlimit=\"10\" stroke-linecap=\"round\" stroke-linejoin=\"round\"><\/path><path d=\"M43.107 27.9839C43.9123 29.5367 44.2803 31.1301 44.2803 33.0001C44.2803 39.23 39.23 44.2804 33 44.2804C26.7701 44.2804 21.7197 39.23 21.7197 33.0001C21.7197 26.7702 26.7701 21.7198 33 21.7198C34.9678 21.7198 36.6625 22.1393 38.273 23.0251\" stroke=\"#5D82F7\" stroke-width=\"2.16797\" stroke-miterlimit=\"10\" stroke-linecap=\"round\" stroke-linejoin=\"round\"><\/path><path d=\"M38.3102 33.0001C38.3102 35.9327 35.9328 38.3099 33.0003 38.3099C30.0678 38.3099 27.6904 35.9327 27.6904 33.0001C27.6904 30.0675 30.0678 27.6902 33.0003 27.6902C35.9328 27.6902 38.3102 30.0675 38.3102 33.0001Z\" stroke=\"#5D82F7\" stroke-width=\"2.16797\" stroke-miterlimit=\"10\" stroke-linecap=\"round\" stroke-linejoin=\"round\"><\/path><path d=\"M32.9624 33.0323L46.3404 19.7423\" stroke=\"#5D82F7\" stroke-width=\"2.16797\" stroke-miterlimit=\"10\" stroke-linecap=\"round\" stroke-linejoin=\"round\"><\/path><path d=\"M46.3401 19.7423L44.9021 15.5897L38.272 22.2198L39.2609 26.7713L43.9282 28.0238L50.4306 21.5214L46.3401 19.7423Z\" stroke=\"#5D82F7\" stroke-width=\"2.16797\" stroke-miterlimit=\"10\" stroke-linecap=\"round\" stroke-linejoin=\"round\"><\/path><\/g><\/g><defs><clipPath id=\"clip0_1828_4322\"><rect width=\"37\" height=\"37\" fill=\"white\" transform=\"translate(14.5 14.5)\"><\/rect><\/clipPath><\/defs><\/svg>\t\t\t\t<\/span>\n\t\t\t<\/div>\n\t\t\t\n\t\t\t\t\t\t<div class=\"elementor-icon-box-content\">\n\n\t\t\t\t\t\t\t\t\t<h3 class=\"elementor-icon-box-title\">\n\t\t\t\t\t\t<span  >\n\t\t\t\t\t\t\tMiss\u00e3o\t\t\t\t\t\t<\/span>\n\t\t\t\t\t<\/h3>\n\t\t\t\t\n\t\t\t\t\t\t\t\t\t<p class=\"elementor-icon-box-description\">\n\t\t\t\t\t\tProteger e valorizar patrim\u00f4nios com excel\u00eancia, fornecendo telhas shingle de tecnologia exclusiva que unem seguran\u00e7a m\u00e1xima, durabilidade extrema e design superior para transformar cada projeto.\t\t\t\t\t<\/p>\n\t\t\t\t\n\t\t\t<\/div>\n\t\t\t\n\t\t<\/div>\n\t\t\t\t\t\t<\/div>\n\t\t\t\t<\/div>\n\t\t<div class=\"elementor-element elementor-element-27a065b e-con-full animated-slow e-flex elementor-invisible e-con e-child\" data-id=\"27a065b\" data-element_type=\"container\" data-e-type=\"container\" data-settings=\"{&quot;background_background&quot;:&quot;classic&quot;,&quot;animation&quot;:&quot;fadeInUp&quot;,&quot;animation_delay&quot;:200}\">\n\t\t\t\t<div class=\"elementor-element elementor-element-a8395a8 elementor-view-default elementor-position-block-start elementor-mobile-position-block-start elementor-widget elementor-widget-icon-box\" data-id=\"a8395a8\" data-element_type=\"widget\" data-e-type=\"widget\" data-widget_type=\"icon-box.default\">\n\t\t\t\t\t\t\t<div class=\"elementor-icon-box-wrapper\">\n\n\t\t\t\t\t\t<div class=\"elementor-icon-box-icon\">\n\t\t\t\t<span  class=\"elementor-icon\">\n\t\t\t\t<svg xmlns=\"http:\/\/www.w3.org\/2000\/svg\" width=\"66\" height=\"66\" viewBox=\"0 0 66 66\" fill=\"none\"><rect width=\"66\" height=\"66\" rx=\"33\" fill=\"#5D82F7\" fill-opacity=\"0.21\"><\/rect><g clip-path=\"url(#clip0_1828_4345)\"><path d=\"M50.4088 32.3164C50.3295 32.2262 48.4307 30.083 45.3557 27.921C37.1675 22.1637 29.1612 21.9327 20.6445 27.921C17.5695 30.083 15.6707 32.2262 15.5914 32.3164C15.2475 32.7073 15.2475 33.2928 15.5914 33.6837C15.6707 33.7739 17.5695 35.9171 20.6445 38.0791C28.8327 43.8364 36.839 44.0674 45.3557 38.0791C48.4308 35.9171 50.3295 33.7739 50.4089 33.6837C50.7527 33.2928 50.7527 32.7073 50.4088 32.3164ZM40.5185 33.0001C40.5185 37.1236 37.1181 40.4296 33.0001 40.4296C28.8753 40.4296 25.4817 37.1167 25.4817 33.0001C25.4817 28.8766 28.8822 25.5706 33.0001 25.5706C37.1249 25.5706 40.5185 28.8835 40.5185 33.0001ZM17.8003 33.0001C19.8438 30.9579 22.4008 29.015 25.0757 27.6573C22.8772 30.8478 22.8346 35.0905 25.0757 38.3428C22.3874 36.9784 19.8316 35.0298 17.8003 33.0001ZM40.9244 38.3428C43.123 35.1523 43.1656 30.9096 40.9244 27.6573C43.6127 29.0218 46.1685 30.9703 48.1999 33.0001C46.1607 35.0377 43.6047 36.9824 40.9244 38.3428Z\" fill=\"#5D82F7\"><\/path><path d=\"M34.0353 31.9648H34.6417L33.0001 33.6064L31.66 32.2663C31.2562 31.8623 30.6002 31.862 30.1961 32.2663L28.1435 34.3189C27.7393 34.7232 27.7393 35.3786 28.1435 35.7828C28.5477 36.1872 29.2032 36.187 29.6074 35.7828L30.9281 34.4622L32.2682 35.8022C32.6725 36.2065 33.3279 36.2065 33.7321 35.8022L36.1056 33.4288V33.6901C36.1056 34.2618 36.5691 34.7252 37.1407 34.7252C37.7124 34.7252 38.1759 34.2618 38.1759 33.6901V30.9297C38.1759 30.358 37.7124 29.8945 37.1407 29.8945H34.0353C33.4636 29.8945 33.0001 30.358 33.0001 30.9297C33.0001 31.5014 33.4636 31.9648 34.0353 31.9648Z\" fill=\"#5D82F7\"><\/path><path d=\"M33 21.5443C33.5717 21.5443 34.0352 21.0808 34.0352 20.5091V18.4388C34.0352 17.8672 33.5717 17.4037 33 17.4037C32.4283 17.4037 31.9648 17.8672 31.9648 18.4388V20.5091C31.9648 21.0808 32.4283 21.5443 33 21.5443Z\" fill=\"#5D82F7\"><\/path><path d=\"M39.7629 23.3564C40.2558 23.6411 40.8898 23.4749 41.1769 22.9776L42.2121 21.1847C42.498 20.6896 42.3283 20.0564 41.8332 19.7707C41.3381 19.4847 40.7049 19.6543 40.4192 20.1495L39.384 21.9424C39.0981 22.4375 39.2677 23.0706 39.7629 23.3564Z\" fill=\"#5D82F7\"><\/path><path d=\"M33 44.3867C32.4283 44.3867 31.9648 44.8502 31.9648 45.4219V47.5612C31.9648 48.1329 32.4283 48.5963 33 48.5963C33.5717 48.5963 34.0352 48.1329 34.0352 47.5612V45.4219C34.0352 44.8502 33.5717 44.3867 33 44.3867Z\" fill=\"#5D82F7\"><\/path><path d=\"M41.1427 42.9626C40.8568 42.4675 40.2238 42.2978 39.7287 42.5838C39.2336 42.8696 39.0639 43.5026 39.3498 43.9978L40.4195 45.8505C40.7062 46.3472 41.3399 46.5144 41.8335 46.2294C42.3287 45.9435 42.4983 45.3105 42.2124 44.8153L41.1427 42.9626Z\" fill=\"#5D82F7\"><\/path><path d=\"M24.823 22.9775C25.1097 23.4742 25.7434 23.6415 26.237 23.3564C26.7321 23.0706 26.9018 22.4375 26.6159 21.9424L25.5807 20.1495C25.2948 19.6543 24.6618 19.4847 24.1667 19.7706C23.6715 20.0565 23.5019 20.6896 23.7878 21.1846L24.823 22.9775Z\" fill=\"#5D82F7\"><\/path><path d=\"M26.2715 42.5838C25.7764 42.2977 25.1433 42.4676 24.8575 42.9626L23.7878 44.8154C23.5019 45.3105 23.6715 45.9436 24.1667 46.2294C24.6598 46.5142 25.2937 46.3476 25.5807 45.8505L26.6504 43.9978C26.9363 43.5027 26.7667 42.8696 26.2715 42.5838Z\" fill=\"#5D82F7\"><\/path><\/g><defs><clipPath id=\"clip0_1828_4345\"><rect width=\"35.3333\" height=\"35.3333\" fill=\"white\" transform=\"translate(15.3335 15.3334)\"><\/rect><\/clipPath><\/defs><\/svg>\t\t\t\t<\/span>\n\t\t\t<\/div>\n\t\t\t\n\t\t\t\t\t\t<div class=\"elementor-icon-box-content\">\n\n\t\t\t\t\t\t\t\t\t<h3 class=\"elementor-icon-box-title\">\n\t\t\t\t\t\t<span  >\n\t\t\t\t\t\t\tVis\u00e3o\t\t\t\t\t\t<\/span>\n\t\t\t\t\t<\/h3>\n\t\t\t\t\n\t\t\t\t\t\t\t\t\t<p class=\"elementor-icon-box-description\">\n\t\t\t\t\t\tPermanecer como a autoridade global em coberturas, liderando o setor atrav\u00e9s da inova\u00e7\u00e3o cont\u00ednua e estabelecendo novos padr\u00f5es de qualidade, resist\u00eancia e est\u00e9tica para o mercado mundial.\t\t\t\t\t<\/p>\n\t\t\t\t\n\t\t\t<\/div>\n\t\t\t\n\t\t<\/div>\n\t\t\t\t\t\t<\/div>\n\t\t\t\t<\/div>\n\t\t<div class=\"elementor-element elementor-element-53e752b e-con-full animated-slow e-flex elementor-invisible e-con e-child\" data-id=\"53e752b\" data-element_type=\"container\" data-e-type=\"container\" data-settings=\"{&quot;background_background&quot;:&quot;classic&quot;,&quot;animation&quot;:&quot;fadeInRight&quot;,&quot;animation_delay&quot;:300}\">\n\t\t\t\t<div class=\"elementor-element elementor-element-96ae08c elementor-view-default elementor-position-block-start elementor-mobile-position-block-start elementor-widget elementor-widget-icon-box\" data-id=\"96ae08c\" data-element_type=\"widget\" data-e-type=\"widget\" data-widget_type=\"icon-box.default\">\n\t\t\t\t\t\t\t<div class=\"elementor-icon-box-wrapper\">\n\n\t\t\t\t\t\t<div class=\"elementor-icon-box-icon\">\n\t\t\t\t<span  class=\"elementor-icon\">\n\t\t\t\t<svg xmlns=\"http:\/\/www.w3.org\/2000\/svg\" width=\"66\" height=\"66\" viewBox=\"0 0 66 66\" fill=\"none\"><rect width=\"66\" height=\"66\" rx=\"33\" fill=\"#5D82F7\" fill-opacity=\"0.21\"><\/rect><g clip-path=\"url(#clip0_1828_4361)\"><path d=\"M42.8539 47.1864H34.7914C34.6734 47.1866 34.5565 47.1634 34.4475 47.1182C34.3385 47.073 34.2395 47.0068 34.1563 46.9232C34.073 46.8396 34.0071 46.7403 33.9623 46.6312C33.9176 46.522 33.8949 46.405 33.8955 46.2871L33.9403 35.6455C33.9413 35.4092 34.0356 35.1828 34.2028 35.0156L39.2705 29.9486C39.6183 29.6078 40.0507 29.3659 40.5231 29.248C40.9955 29.13 41.4909 29.1402 41.958 29.2776V26.5822C41.9588 25.8696 42.2422 25.1865 42.7461 24.6827C43.2499 24.1788 43.933 23.8954 44.6456 23.8947C45.3573 23.898 46.0389 24.1822 46.5422 24.6855C47.0455 25.1888 47.3297 25.8704 47.3331 26.5822V37.3322C47.3329 37.565 47.2422 37.7887 47.0803 37.956L43.7497 41.3906V46.2908C43.7498 46.4085 43.7266 46.525 43.6816 46.6336C43.6366 46.7423 43.5706 46.8411 43.4874 46.9243C43.4042 47.0074 43.3054 47.0734 43.1967 47.1184C43.088 47.1633 42.9715 47.1865 42.8539 47.1864ZM35.6907 45.3947H41.958V41.0275C41.9582 40.7947 42.0489 40.571 42.2108 40.4037L45.5414 36.9692V26.5822C45.5425 26.4667 45.5202 26.3521 45.4761 26.2454C45.4319 26.1387 45.3666 26.042 45.2842 25.9611C45.2021 25.8741 45.1031 25.8049 44.9933 25.7576C44.8835 25.7104 44.7651 25.6861 44.6456 25.6863C44.408 25.6865 44.1802 25.7809 44.0123 25.9489C43.8443 26.1169 43.7499 26.3446 43.7497 26.5822V31.0882C43.8854 31.5518 43.894 32.0434 43.7746 32.5115C43.6552 32.9796 43.4121 33.4069 43.0709 33.7488L40.2189 36.6013C40.05 36.7651 39.8235 36.8559 39.5883 36.8541C39.3531 36.8523 39.128 36.7581 38.9617 36.5918C38.7953 36.4254 38.7011 36.2004 38.6993 35.9651C38.6975 35.7299 38.7883 35.5034 38.9521 35.3346L41.804 32.4826C41.8874 32.3995 41.9534 32.3008 41.9985 32.192C42.0435 32.0833 42.0667 31.9668 42.0665 31.8491C42.0665 31.762 42.0538 31.6754 42.0289 31.5919C42.0166 31.5614 42.0053 31.5299 41.9957 31.4983C41.9506 31.3929 41.8856 31.2973 41.804 31.2167C41.6337 31.0534 41.4069 30.9621 41.1709 30.962C40.9349 30.9618 40.7079 31.0527 40.5373 31.2158L35.7301 36.0217L35.6907 45.3947Z\" fill=\"#5D82F7\"><\/path><path d=\"M31.2082 47.1863H23.1457C22.9081 47.1863 22.6803 47.092 22.5123 46.924C22.3443 46.756 22.2499 46.5281 22.2499 46.2905V41.3903L18.9193 37.9559C18.7572 37.7888 18.6665 37.565 18.6665 37.3321V26.5821C18.6647 26.2273 18.7345 25.8757 18.8718 25.5485C19.009 25.2212 19.2109 24.9251 19.4653 24.6777C19.7115 24.4272 20.0056 24.2288 20.3301 24.0943C20.6546 23.9597 21.0028 23.8919 21.354 23.8946C22.0666 23.8954 22.7497 24.1788 23.2535 24.6826C23.7574 25.1865 24.0408 25.8696 24.0416 26.5821V29.2793C24.5081 29.1368 25.0046 29.1238 25.478 29.2416C25.9514 29.3595 26.3838 29.6039 26.7291 29.9486L31.7965 35.0156C31.9637 35.1827 32.058 35.4091 32.059 35.6455L32.1041 46.287C32.1046 46.405 32.0818 46.5219 32.037 46.631C31.9922 46.7401 31.9263 46.8393 31.8431 46.9229C31.7598 47.0065 31.6609 47.0728 31.552 47.118C31.443 47.1632 31.3262 47.1864 31.2082 47.1863ZM24.0416 45.3947H30.3085L30.2691 36.0216L25.4623 31.2153C25.3587 31.1118 25.2313 31.0352 25.0913 30.9923C24.9513 30.9494 24.8029 30.9415 24.6591 30.9692C24.5153 30.9969 24.3804 31.0594 24.2664 31.1513C24.1523 31.2431 24.0625 31.3615 24.0048 31.4961C23.995 31.5289 23.9833 31.561 23.9698 31.5924C23.9241 31.7473 23.921 31.9116 23.9607 32.0682C24.0004 32.2247 24.0815 32.3677 24.1955 32.4821L27.0475 35.3341C27.1307 35.4173 27.1967 35.516 27.2418 35.6247C27.2868 35.7334 27.31 35.8499 27.31 35.9675C27.31 36.0852 27.2869 36.2017 27.2419 36.3104C27.1969 36.4191 27.1309 36.5179 27.0477 36.6011C26.9645 36.6843 26.8658 36.7503 26.7571 36.7953C26.6484 36.8403 26.5319 36.8635 26.4143 36.8635C26.2966 36.8636 26.1801 36.8404 26.0714 36.7954C25.9627 36.7504 25.8639 36.6844 25.7807 36.6012L22.9283 33.7488C22.5872 33.4066 22.3443 32.9791 22.225 32.511C22.1056 32.0428 22.1142 31.5512 22.2499 31.0875V26.5821C22.2496 26.3446 22.1552 26.1169 21.9872 25.9489C21.8193 25.781 21.5916 25.6865 21.354 25.6863C21.2385 25.6853 21.1239 25.7075 21.0171 25.7517C20.9104 25.7959 20.8136 25.8611 20.7325 25.9435C20.6457 26.0256 20.5765 26.1246 20.5294 26.2345C20.4822 26.3443 20.458 26.4626 20.4582 26.5821V36.9692L23.7887 40.4037C23.9509 40.5709 24.0416 40.7946 24.0416 41.0275V45.3947Z\" fill=\"#5D82F7\"><\/path><path d=\"M36.3219 30.7981C36.1811 30.798 36.0424 30.7647 35.9169 30.701L33.0001 29.2225L30.0834 30.7006C29.936 30.7752 29.7709 30.8077 29.6063 30.7944C29.4417 30.7811 29.284 30.7225 29.1505 30.6252C29.0171 30.5279 28.9132 30.3956 28.8503 30.2429C28.7873 30.0902 28.7678 29.9231 28.7939 29.76L29.2878 26.6783L26.9702 24.1957C26.8618 24.0796 26.7862 23.9369 26.7511 23.782C26.7161 23.6272 26.7228 23.4658 26.7706 23.3144C26.8184 23.163 26.9056 23.027 27.0232 22.9203C27.1409 22.8137 27.2847 22.7402 27.4401 22.7075L30.5567 22.0505L32.229 19.2231C32.3142 19.097 32.4291 18.9937 32.5636 18.9223C32.698 18.8509 32.8479 18.8136 33.0001 18.8136C33.1523 18.8136 33.3022 18.8509 33.4367 18.9223C33.5711 18.9937 33.686 19.097 33.7713 19.2231L35.4435 22.0505L38.5598 22.7075C38.715 22.7404 38.8588 22.8139 38.9763 22.9205C39.0939 23.0272 39.1811 23.1631 39.2289 23.3144C39.2768 23.4657 39.2836 23.627 39.2487 23.7819C39.2138 23.9367 39.1385 24.0795 39.0303 24.1957L36.7121 26.6785L37.2063 29.7602C37.2267 29.8881 37.2191 30.019 37.184 30.1437C37.1489 30.2685 37.0873 30.3841 37.0032 30.4827C36.9191 30.5814 36.8147 30.6606 36.6971 30.715C36.5795 30.7693 36.4515 30.7979 36.3219 30.7981ZM33.0001 27.3223C33.1409 27.3223 33.2797 27.3555 33.4051 27.4194L35.1593 28.3083L34.874 26.5289C34.8525 26.3941 34.862 26.2563 34.9017 26.1258C34.9414 25.9952 35.0103 25.8755 35.1033 25.7756L36.6372 24.1335L34.6889 23.7224C34.5674 23.6967 34.4525 23.646 34.3516 23.5736C34.2507 23.5011 34.1659 23.4084 34.1028 23.3014L33.0001 21.439L31.8982 23.3015C31.835 23.4085 31.7503 23.5012 31.6494 23.5736C31.5485 23.6461 31.4336 23.6968 31.3121 23.7226L29.363 24.1335L30.8967 25.7756C30.9897 25.8754 31.0588 25.9951 31.0986 26.1257C31.1384 26.2562 31.1478 26.3941 31.1263 26.5289L30.8412 28.3083L32.5953 27.4194C32.7207 27.3556 32.8594 27.3223 33.0001 27.3223Z\" fill=\"#5D82F7\"><\/path><\/g><defs><clipPath id=\"clip0_1828_4361\"><rect width=\"28.6667\" height=\"28.6667\" fill=\"white\" transform=\"translate(18.6665 18.6666)\"><\/rect><\/clipPath><\/defs><\/svg>\t\t\t\t<\/span>\n\t\t\t<\/div>\n\t\t\t\n\t\t\t\t\t\t<div class=\"elementor-icon-box-content\">\n\n\t\t\t\t\t\t\t\t\t<h3 class=\"elementor-icon-box-title\">\n\t\t\t\t\t\t<span  >\n\t\t\t\t\t\t\tValores\t\t\t\t\t\t<\/span>\n\t\t\t\t\t<\/h3>\n\t\t\t\t\n\t\t\t\t\t\t\t\t\t<p class=\"elementor-icon-box-description\">\n\t\t\t\t\t\tAtuamos com base em nossa tradi\u00e7\u00e3o centen\u00e1ria, priorizando a inova\u00e7\u00e3o tecnol\u00f3gica, o compromisso inegoci\u00e1vel com a prote\u00e7\u00e3o e a entrega de beleza funcional que agrega valor real ao cliente.\t\t\t\t\t<\/p>\n\t\t\t\t\n\t\t\t<\/div>\n\t\t\t\n\t\t<\/div>\n\t\t\t\t\t\t<\/div>\n\t\t\t\t<\/div>\n\t\t\t\t\t<\/div>\n\t\t\t\t<\/div>\n\t\t\t\t<\/div>\n\t\t","protected":false},"excerpt":{"rendered":"<p>Sobre N\u00f3s Com mais de um s\u00e9culo de excel\u00eancia na fabrica\u00e7\u00e3o de coberturas, a BP CANADA \u00e9 refer\u00eancia global em telhas shingle. Nosso diferencial reside em uma tecnologia exclusiva que une durabilidade extrema e seguran\u00e7a: o sistema de duplo selante. Desenvolvida para superar os padr\u00f5es convencionais do mercado, esta inova\u00e7\u00e3o garante uma veda\u00e7\u00e3o superior contra [&hellip;]<\/p>\n","protected":false},"author":1,"featured_media":0,"parent":0,"menu_order":0,"comment_status":"closed","ping_status":"closed","template":"elementor_header_footer","meta":{"_joinchat":[],"footnotes":""},"class_list":["post-98","page","type-page","status-publish","hentry"],"_links":{"self":[{"href":"https:\/\/bpcanadashingle.com.br\/index.php\/wp-json\/wp\/v2\/pages\/98","targetHints":{"allow":["GET"]}}],"collection":[{"href":"https:\/\/bpcanadashingle.com.br\/index.php\/wp-json\/wp\/v2\/pages"}],"about":[{"href":"https:\/\/bpcanadashingle.com.br\/index.php\/wp-json\/wp\/v2\/types\/page"}],"author":[{"embeddable":true,"href":"https:\/\/bpcanadashingle.com.br\/index.php\/wp-json\/wp\/v2\/users\/1"}],"replies":[{"embeddable":true,"href":"https:\/\/bpcanadashingle.com.br\/index.php\/wp-json\/wp\/v2\/comments?post=98"}],"version-history":[{"count":37,"href":"https:\/\/bpcanadashingle.com.br\/index.php\/wp-json\/wp\/v2\/pages\/98\/revisions"}],"predecessor-version":[{"id":492,"href":"https:\/\/bpcanadashingle.com.br\/index.php\/wp-json\/wp\/v2\/pages\/98\/revisions\/492"}],"wp:attachment":[{"href":"https:\/\/bpcanadashingle.com.br\/index.php\/wp-json\/wp\/v2\/media?parent=98"}],"curies":[{"name":"wp","href":"https:\/\/api.w.org\/{rel}","templated":true}]}}