{"id":96,"date":"2025-10-22T16:12:53","date_gmt":"2025-10-22T19:12:53","guid":{"rendered":"https:\/\/bpcanadashingle.com.br\/?page_id=96"},"modified":"2026-01-07T09:56:16","modified_gmt":"2026-01-07T12:56:16","slug":"produtos","status":"publish","type":"page","link":"https:\/\/bpcanadashingle.com.br\/index.php\/produtos\/","title":{"rendered":"Produtos"},"content":{"rendered":"\t\t<div data-elementor-type=\"wp-page\" data-elementor-id=\"96\" class=\"elementor elementor-96\" data-elementor-post-type=\"page\">\n\t\t\t\t<div class=\"elementor-element elementor-element-2ca56c5 e-con-full e-flex e-con e-parent\" data-id=\"2ca56c5\" data-element_type=\"container\" data-e-type=\"container\" data-settings=\"{&quot;background_background&quot;:&quot;classic&quot;}\">\n\t\t\t\t<\/div>\n\t\t<div class=\"elementor-element elementor-element-508abc3 produtos-shingle e-flex e-con-boxed e-con e-parent\" data-id=\"508abc3\" data-element_type=\"container\" data-e-type=\"container\" data-settings=\"{&quot;background_background&quot;:&quot;classic&quot;}\">\n\t\t\t\t\t<div class=\"e-con-inner\">\n\t\t<div class=\"elementor-element elementor-element-454893a e-con-full e-flex e-con e-child\" data-id=\"454893a\" data-element_type=\"container\" data-e-type=\"container\">\n\t\t\t\t<div class=\"elementor-element elementor-element-32d3c64 animated-slow elementor-invisible elementor-widget elementor-widget-heading\" data-id=\"32d3c64\" data-element_type=\"widget\" data-e-type=\"widget\" data-settings=\"{&quot;_animation&quot;:&quot;fadeInLeft&quot;}\" data-widget_type=\"heading.default\">\n\t\t\t\t\t<h2 class=\"elementor-heading-title elementor-size-default\">Nossos Produtos<\/h2>\t\t\t\t<\/div>\n\t\t\t\t<\/div>\n\t\t<div class=\"elementor-element elementor-element-a92ae1b e-con-full e-grid e-con e-child\" data-id=\"a92ae1b\" data-element_type=\"container\" data-e-type=\"container\">\n\t\t<div class=\"elementor-element elementor-element-77c8f76 e-con-full e-flex e-con e-child\" data-id=\"77c8f76\" data-element_type=\"container\" data-e-type=\"container\" data-settings=\"{&quot;background_background&quot;:&quot;classic&quot;}\">\n\t\t\t\t<div class=\"elementor-element elementor-element-cad73b8 elementor-widget elementor-widget-image\" data-id=\"cad73b8\" data-element_type=\"widget\" data-e-type=\"widget\" data-widget_type=\"image.default\">\n\t\t\t\t\t\t\t\t\t\t\t\t\t\t\t<img fetchpriority=\"high\" decoding=\"async\" width=\"328\" height=\"338\" src=\"https:\/\/bpcanadashingle.com.br\/wp-content\/uploads\/2026\/01\/telha-shingle-3-abas-dakotaslate-grey-BP-CANADA-3-e1758568773535.jpg\" class=\"attachment-full size-full wp-image-823\" alt=\"\" srcset=\"https:\/\/bpcanadashingle.com.br\/wp-content\/uploads\/2026\/01\/telha-shingle-3-abas-dakotaslate-grey-BP-CANADA-3-e1758568773535.jpg 328w, https:\/\/bpcanadashingle.com.br\/wp-content\/uploads\/2026\/01\/telha-shingle-3-abas-dakotaslate-grey-BP-CANADA-3-e1758568773535-291x300.jpg 291w\" sizes=\"(max-width: 328px) 100vw, 328px\" \/>\t\t\t\t\t\t\t\t\t\t\t\t\t\t\t<\/div>\n\t\t\t\t<div class=\"elementor-element elementor-element-967a385 elementor-widget elementor-widget-heading\" data-id=\"967a385\" data-element_type=\"widget\" data-e-type=\"widget\" data-widget_type=\"heading.default\">\n\t\t\t\t\t<h2 class=\"elementor-heading-title elementor-size-default\">Telha Shingle Dakota<\/h2>\t\t\t\t<\/div>\n\t\t\t\t<div class=\"elementor-element elementor-element-ccaa0b2 elementor-align-justify elementor-widget elementor-widget-button\" data-id=\"ccaa0b2\" data-element_type=\"widget\" data-e-type=\"widget\" data-widget_type=\"button.default\">\n\t\t\t\t\t\t\t\t\t\t<a class=\"elementor-button elementor-button-link elementor-size-sm\" href=\"https:\/\/bpcanadashingle.com.br\/index.php\/telha-shingle-dakota\/\">\n\t\t\t\t\t\t<span class=\"elementor-button-content-wrapper\">\n\t\t\t\t\t\t<span class=\"elementor-button-icon\">\n\t\t\t\t<svg aria-hidden=\"true\" class=\"e-font-icon-svg e-fas-long-arrow-alt-right\" viewBox=\"0 0 448 512\" xmlns=\"http:\/\/www.w3.org\/2000\/svg\"><path d=\"M313.941 216H12c-6.627 0-12 5.373-12 12v56c0 6.627 5.373 12 12 12h301.941v46.059c0 21.382 25.851 32.09 40.971 16.971l86.059-86.059c9.373-9.373 9.373-24.569 0-33.941l-86.059-86.059c-15.119-15.119-40.971-4.411-40.971 16.971V216z\"><\/path><\/svg>\t\t\t<\/span>\n\t\t\t\t\t\t\t\t\t<span class=\"elementor-button-text\">Ver mais<\/span>\n\t\t\t\t\t<\/span>\n\t\t\t\t\t<\/a>\n\t\t\t\t\t\t\t\t<\/div>\n\t\t\t\t<\/div>\n\t\t<div class=\"elementor-element elementor-element-29022b3 e-con-full e-flex e-con e-child\" data-id=\"29022b3\" data-element_type=\"container\" data-e-type=\"container\" data-settings=\"{&quot;background_background&quot;:&quot;classic&quot;}\">\n\t\t\t\t<div class=\"elementor-element elementor-element-c4b5ecb elementor-widget elementor-widget-image\" data-id=\"c4b5ecb\" data-element_type=\"widget\" data-e-type=\"widget\" data-widget_type=\"image.default\">\n\t\t\t\t\t\t\t\t\t\t\t\t\t\t\t<img decoding=\"async\" width=\"1600\" height=\"1200\" src=\"https:\/\/bpcanadashingle.com.br\/wp-content\/uploads\/2026\/01\/telha-shingle-laminada-BP-CANADA-Mystique.jpeg\" class=\"attachment-full size-full wp-image-825\" alt=\"\" srcset=\"https:\/\/bpcanadashingle.com.br\/wp-content\/uploads\/2026\/01\/telha-shingle-laminada-BP-CANADA-Mystique.jpeg 1600w, https:\/\/bpcanadashingle.com.br\/wp-content\/uploads\/2026\/01\/telha-shingle-laminada-BP-CANADA-Mystique-300x225.jpeg 300w, https:\/\/bpcanadashingle.com.br\/wp-content\/uploads\/2026\/01\/telha-shingle-laminada-BP-CANADA-Mystique-1024x768.jpeg 1024w, https:\/\/bpcanadashingle.com.br\/wp-content\/uploads\/2026\/01\/telha-shingle-laminada-BP-CANADA-Mystique-768x576.jpeg 768w, https:\/\/bpcanadashingle.com.br\/wp-content\/uploads\/2026\/01\/telha-shingle-laminada-BP-CANADA-Mystique-1536x1152.jpeg 1536w\" sizes=\"(max-width: 1600px) 100vw, 1600px\" \/>\t\t\t\t\t\t\t\t\t\t\t\t\t\t\t<\/div>\n\t\t\t\t<div class=\"elementor-element elementor-element-b346f4b elementor-widget elementor-widget-heading\" data-id=\"b346f4b\" data-element_type=\"widget\" data-e-type=\"widget\" data-widget_type=\"heading.default\">\n\t\t\t\t\t<h2 class=\"elementor-heading-title elementor-size-default\">Telha Shingle Mystique<\/h2>\t\t\t\t<\/div>\n\t\t\t\t<div class=\"elementor-element elementor-element-be9a379 elementor-align-justify elementor-widget elementor-widget-button\" data-id=\"be9a379\" data-element_type=\"widget\" data-e-type=\"widget\" data-widget_type=\"button.default\">\n\t\t\t\t\t\t\t\t\t\t<a class=\"elementor-button elementor-button-link elementor-size-sm\" href=\"https:\/\/bpcanadashingle.com.br\/index.php\/telha-shingle-mystique\/\">\n\t\t\t\t\t\t<span class=\"elementor-button-content-wrapper\">\n\t\t\t\t\t\t<span class=\"elementor-button-icon\">\n\t\t\t\t<svg aria-hidden=\"true\" class=\"e-font-icon-svg e-fas-long-arrow-alt-right\" viewBox=\"0 0 448 512\" xmlns=\"http:\/\/www.w3.org\/2000\/svg\"><path d=\"M313.941 216H12c-6.627 0-12 5.373-12 12v56c0 6.627 5.373 12 12 12h301.941v46.059c0 21.382 25.851 32.09 40.971 16.971l86.059-86.059c9.373-9.373 9.373-24.569 0-33.941l-86.059-86.059c-15.119-15.119-40.971-4.411-40.971 16.971V216z\"><\/path><\/svg>\t\t\t<\/span>\n\t\t\t\t\t\t\t\t\t<span class=\"elementor-button-text\">Ver mais<\/span>\n\t\t\t\t\t<\/span>\n\t\t\t\t\t<\/a>\n\t\t\t\t\t\t\t\t<\/div>\n\t\t\t\t<\/div>\n\t\t<div class=\"elementor-element elementor-element-475b4b4 e-con-full e-flex e-con e-child\" data-id=\"475b4b4\" data-element_type=\"container\" data-e-type=\"container\" data-settings=\"{&quot;background_background&quot;:&quot;classic&quot;}\">\n\t\t\t\t<div class=\"elementor-element elementor-element-f8d3c99 elementor-widget elementor-widget-image\" data-id=\"f8d3c99\" data-element_type=\"widget\" data-e-type=\"widget\" data-widget_type=\"image.default\">\n\t\t\t\t\t\t\t\t\t\t\t\t\t\t\t<img decoding=\"async\" width=\"728\" height=\"489\" src=\"https:\/\/bpcanadashingle.com.br\/wp-content\/uploads\/2025\/12\/subcobertura-shingle.webp\" class=\"attachment-full size-full wp-image-344\" alt=\"\" srcset=\"https:\/\/bpcanadashingle.com.br\/wp-content\/uploads\/2025\/12\/subcobertura-shingle.webp 728w, https:\/\/bpcanadashingle.com.br\/wp-content\/uploads\/2025\/12\/subcobertura-shingle-300x202.webp 300w\" sizes=\"(max-width: 728px) 100vw, 728px\" \/>\t\t\t\t\t\t\t\t\t\t\t\t\t\t\t<\/div>\n\t\t\t\t<div class=\"elementor-element elementor-element-4ce365e elementor-widget elementor-widget-heading\" data-id=\"4ce365e\" data-element_type=\"widget\" data-e-type=\"widget\" data-widget_type=\"heading.default\">\n\t\t\t\t\t<h2 class=\"elementor-heading-title elementor-size-default\">Manta Subcobertura<\/h2>\t\t\t\t<\/div>\n\t\t\t\t<div class=\"elementor-element elementor-element-0c1e897 elementor-align-justify elementor-widget elementor-widget-button\" data-id=\"0c1e897\" data-element_type=\"widget\" data-e-type=\"widget\" data-widget_type=\"button.default\">\n\t\t\t\t\t\t\t\t\t\t<a class=\"elementor-button elementor-button-link elementor-size-sm\" href=\"https:\/\/bpcanadashingle.com.br\/index.php\/manta-subcobertura\/\">\n\t\t\t\t\t\t<span class=\"elementor-button-content-wrapper\">\n\t\t\t\t\t\t<span class=\"elementor-button-icon\">\n\t\t\t\t<svg aria-hidden=\"true\" class=\"e-font-icon-svg e-fas-long-arrow-alt-right\" viewBox=\"0 0 448 512\" xmlns=\"http:\/\/www.w3.org\/2000\/svg\"><path d=\"M313.941 216H12c-6.627 0-12 5.373-12 12v56c0 6.627 5.373 12 12 12h301.941v46.059c0 21.382 25.851 32.09 40.971 16.971l86.059-86.059c9.373-9.373 9.373-24.569 0-33.941l-86.059-86.059c-15.119-15.119-40.971-4.411-40.971 16.971V216z\"><\/path><\/svg>\t\t\t<\/span>\n\t\t\t\t\t\t\t\t\t<span class=\"elementor-button-text\">Ver mais<\/span>\n\t\t\t\t\t<\/span>\n\t\t\t\t\t<\/a>\n\t\t\t\t\t\t\t\t<\/div>\n\t\t\t\t<\/div>\n\t\t<div class=\"elementor-element elementor-element-d40f51e e-con-full e-flex e-con e-child\" data-id=\"d40f51e\" data-element_type=\"container\" data-e-type=\"container\" data-settings=\"{&quot;background_background&quot;:&quot;classic&quot;}\">\n\t\t\t\t<div class=\"elementor-element elementor-element-1772b99 elementor-widget elementor-widget-image\" data-id=\"1772b99\" data-element_type=\"widget\" data-e-type=\"widget\" data-widget_type=\"image.default\">\n\t\t\t\t\t\t\t\t\t\t\t\t\t\t\t<img loading=\"lazy\" decoding=\"async\" width=\"1920\" height=\"820\" src=\"https:\/\/bpcanadashingle.com.br\/wp-content\/uploads\/2026\/01\/base-OSB-APA-Plus-Telhado-Shingle.jpg\" class=\"attachment-full size-full wp-image-819\" alt=\"\" srcset=\"https:\/\/bpcanadashingle.com.br\/wp-content\/uploads\/2026\/01\/base-OSB-APA-Plus-Telhado-Shingle.jpg 1920w, https:\/\/bpcanadashingle.com.br\/wp-content\/uploads\/2026\/01\/base-OSB-APA-Plus-Telhado-Shingle-300x128.jpg 300w, https:\/\/bpcanadashingle.com.br\/wp-content\/uploads\/2026\/01\/base-OSB-APA-Plus-Telhado-Shingle-1024x437.jpg 1024w, https:\/\/bpcanadashingle.com.br\/wp-content\/uploads\/2026\/01\/base-OSB-APA-Plus-Telhado-Shingle-768x328.jpg 768w, https:\/\/bpcanadashingle.com.br\/wp-content\/uploads\/2026\/01\/base-OSB-APA-Plus-Telhado-Shingle-1536x656.jpg 1536w\" sizes=\"(max-width: 1920px) 100vw, 1920px\" \/>\t\t\t\t\t\t\t\t\t\t\t\t\t\t\t<\/div>\n\t\t\t\t<div class=\"elementor-element elementor-element-b9de48f elementor-widget elementor-widget-heading\" data-id=\"b9de48f\" data-element_type=\"widget\" data-e-type=\"widget\" data-widget_type=\"heading.default\">\n\t\t\t\t\t<h2 class=\"elementor-heading-title elementor-size-default\">Base OSB APA Plus para Telhado Shingle<\/h2>\t\t\t\t<\/div>\n\t\t\t\t<div class=\"elementor-element elementor-element-ce57d0c elementor-align-justify elementor-widget elementor-widget-button\" data-id=\"ce57d0c\" data-element_type=\"widget\" data-e-type=\"widget\" data-widget_type=\"button.default\">\n\t\t\t\t\t\t\t\t\t\t<a class=\"elementor-button elementor-button-link elementor-size-sm\" href=\"https:\/\/bpcanadashingle.com.br\/index.php\/base-osb-apa-plus-para-telhado-shingle\/\">\n\t\t\t\t\t\t<span class=\"elementor-button-content-wrapper\">\n\t\t\t\t\t\t<span class=\"elementor-button-icon\">\n\t\t\t\t<svg aria-hidden=\"true\" class=\"e-font-icon-svg e-fas-long-arrow-alt-right\" viewBox=\"0 0 448 512\" xmlns=\"http:\/\/www.w3.org\/2000\/svg\"><path d=\"M313.941 216H12c-6.627 0-12 5.373-12 12v56c0 6.627 5.373 12 12 12h301.941v46.059c0 21.382 25.851 32.09 40.971 16.971l86.059-86.059c9.373-9.373 9.373-24.569 0-33.941l-86.059-86.059c-15.119-15.119-40.971-4.411-40.971 16.971V216z\"><\/path><\/svg>\t\t\t<\/span>\n\t\t\t\t\t\t\t\t\t<span class=\"elementor-button-text\">Ver mais<\/span>\n\t\t\t\t\t<\/span>\n\t\t\t\t\t<\/a>\n\t\t\t\t\t\t\t\t<\/div>\n\t\t\t\t<\/div>\n\t\t<div class=\"elementor-element elementor-element-202e0e4 e-con-full e-flex e-con e-child\" data-id=\"202e0e4\" data-element_type=\"container\" data-e-type=\"container\" data-settings=\"{&quot;background_background&quot;:&quot;classic&quot;}\">\n\t\t\t\t<div class=\"elementor-element elementor-element-5bb075a elementor-widget elementor-widget-image\" data-id=\"5bb075a\" data-element_type=\"widget\" data-e-type=\"widget\" data-widget_type=\"image.default\">\n\t\t\t\t\t\t\t\t\t\t\t\t\t\t\t<img loading=\"lazy\" decoding=\"async\" width=\"1498\" height=\"994\" src=\"https:\/\/bpcanadashingle.com.br\/wp-content\/uploads\/2026\/01\/base-Plywood-Telhado-Shingle.jpg\" class=\"attachment-full size-full wp-image-820\" alt=\"\" srcset=\"https:\/\/bpcanadashingle.com.br\/wp-content\/uploads\/2026\/01\/base-Plywood-Telhado-Shingle.jpg 1498w, https:\/\/bpcanadashingle.com.br\/wp-content\/uploads\/2026\/01\/base-Plywood-Telhado-Shingle-300x199.jpg 300w, https:\/\/bpcanadashingle.com.br\/wp-content\/uploads\/2026\/01\/base-Plywood-Telhado-Shingle-1024x679.jpg 1024w, https:\/\/bpcanadashingle.com.br\/wp-content\/uploads\/2026\/01\/base-Plywood-Telhado-Shingle-768x510.jpg 768w\" sizes=\"(max-width: 1498px) 100vw, 1498px\" \/>\t\t\t\t\t\t\t\t\t\t\t\t\t\t\t<\/div>\n\t\t\t\t<div class=\"elementor-element elementor-element-b9520f8 elementor-widget elementor-widget-heading\" data-id=\"b9520f8\" data-element_type=\"widget\" data-e-type=\"widget\" data-widget_type=\"heading.default\">\n\t\t\t\t\t<h2 class=\"elementor-heading-title elementor-size-default\">Placas Plywood para Telhado Shingle<\/h2>\t\t\t\t<\/div>\n\t\t\t\t<div class=\"elementor-element elementor-element-1a23a5f elementor-align-justify elementor-widget elementor-widget-button\" data-id=\"1a23a5f\" data-element_type=\"widget\" data-e-type=\"widget\" data-widget_type=\"button.default\">\n\t\t\t\t\t\t\t\t\t\t<a class=\"elementor-button elementor-button-link elementor-size-sm\" href=\"https:\/\/bpcanadashingle.com.br\/index.php\/placas-plywood-para-telhado-shingle\/\">\n\t\t\t\t\t\t<span class=\"elementor-button-content-wrapper\">\n\t\t\t\t\t\t<span class=\"elementor-button-icon\">\n\t\t\t\t<svg aria-hidden=\"true\" class=\"e-font-icon-svg e-fas-long-arrow-alt-right\" viewBox=\"0 0 448 512\" xmlns=\"http:\/\/www.w3.org\/2000\/svg\"><path d=\"M313.941 216H12c-6.627 0-12 5.373-12 12v56c0 6.627 5.373 12 12 12h301.941v46.059c0 21.382 25.851 32.09 40.971 16.971l86.059-86.059c9.373-9.373 9.373-24.569 0-33.941l-86.059-86.059c-15.119-15.119-40.971-4.411-40.971 16.971V216z\"><\/path><\/svg>\t\t\t<\/span>\n\t\t\t\t\t\t\t\t\t<span class=\"elementor-button-text\">Ver mais<\/span>\n\t\t\t\t\t<\/span>\n\t\t\t\t\t<\/a>\n\t\t\t\t\t\t\t\t<\/div>\n\t\t\t\t<\/div>\n\t\t<div class=\"elementor-element elementor-element-98c8df9 e-con-full e-flex e-con e-child\" data-id=\"98c8df9\" data-element_type=\"container\" data-e-type=\"container\" data-settings=\"{&quot;background_background&quot;:&quot;classic&quot;}\">\n\t\t\t\t<div class=\"elementor-element elementor-element-4c81955 elementor-widget elementor-widget-image\" data-id=\"4c81955\" data-element_type=\"widget\" data-e-type=\"widget\" data-widget_type=\"image.default\">\n\t\t\t\t\t\t\t\t\t\t\t\t\t\t\t<img loading=\"lazy\" decoding=\"async\" width=\"2560\" height=\"1920\" src=\"https:\/\/bpcanadashingle.com.br\/wp-content\/uploads\/2026\/01\/protecao-telhado-shingle-scaled-1.jpg\" class=\"attachment-full size-full wp-image-821\" alt=\"\" srcset=\"https:\/\/bpcanadashingle.com.br\/wp-content\/uploads\/2026\/01\/protecao-telhado-shingle-scaled-1.jpg 2560w, https:\/\/bpcanadashingle.com.br\/wp-content\/uploads\/2026\/01\/protecao-telhado-shingle-scaled-1-300x225.jpg 300w, https:\/\/bpcanadashingle.com.br\/wp-content\/uploads\/2026\/01\/protecao-telhado-shingle-scaled-1-1024x768.jpg 1024w, https:\/\/bpcanadashingle.com.br\/wp-content\/uploads\/2026\/01\/protecao-telhado-shingle-scaled-1-768x576.jpg 768w, https:\/\/bpcanadashingle.com.br\/wp-content\/uploads\/2026\/01\/protecao-telhado-shingle-scaled-1-1536x1152.jpg 1536w, https:\/\/bpcanadashingle.com.br\/wp-content\/uploads\/2026\/01\/protecao-telhado-shingle-scaled-1-2048x1536.jpg 2048w\" sizes=\"(max-width: 2560px) 100vw, 2560px\" \/>\t\t\t\t\t\t\t\t\t\t\t\t\t\t\t<\/div>\n\t\t\t\t<div class=\"elementor-element elementor-element-f315e44 elementor-widget elementor-widget-heading\" data-id=\"f315e44\" data-element_type=\"widget\" data-e-type=\"widget\" data-widget_type=\"heading.default\">\n\t\t\t\t\t<h2 class=\"elementor-heading-title elementor-size-default\">Prote\u00e7\u00e3o e Acess\u00f3rios de Telhados Shingle<\/h2>\t\t\t\t<\/div>\n\t\t\t\t<div class=\"elementor-element elementor-element-648cd7b elementor-align-justify elementor-widget elementor-widget-button\" data-id=\"648cd7b\" data-element_type=\"widget\" data-e-type=\"widget\" data-widget_type=\"button.default\">\n\t\t\t\t\t\t\t\t\t\t<a class=\"elementor-button elementor-button-link elementor-size-sm\" href=\"https:\/\/bpcanadashingle.com.br\/index.php\/protecao-e-acessorios-de-telhados-shingle\/\">\n\t\t\t\t\t\t<span class=\"elementor-button-content-wrapper\">\n\t\t\t\t\t\t<span class=\"elementor-button-icon\">\n\t\t\t\t<svg aria-hidden=\"true\" class=\"e-font-icon-svg e-fas-long-arrow-alt-right\" viewBox=\"0 0 448 512\" xmlns=\"http:\/\/www.w3.org\/2000\/svg\"><path d=\"M313.941 216H12c-6.627 0-12 5.373-12 12v56c0 6.627 5.373 12 12 12h301.941v46.059c0 21.382 25.851 32.09 40.971 16.971l86.059-86.059c9.373-9.373 9.373-24.569 0-33.941l-86.059-86.059c-15.119-15.119-40.971-4.411-40.971 16.971V216z\"><\/path><\/svg>\t\t\t<\/span>\n\t\t\t\t\t\t\t\t\t<span class=\"elementor-button-text\">Ver mais<\/span>\n\t\t\t\t\t<\/span>\n\t\t\t\t\t<\/a>\n\t\t\t\t\t\t\t\t<\/div>\n\t\t\t\t<\/div>\n\t\t<div class=\"elementor-element elementor-element-77feed4 e-con-full e-flex e-con e-child\" data-id=\"77feed4\" data-element_type=\"container\" data-e-type=\"container\" data-settings=\"{&quot;background_background&quot;:&quot;classic&quot;}\">\n\t\t\t\t<div class=\"elementor-element elementor-element-375f5c5 elementor-widget elementor-widget-image\" data-id=\"375f5c5\" data-element_type=\"widget\" data-e-type=\"widget\" data-widget_type=\"image.default\">\n\t\t\t\t\t\t\t\t\t\t\t\t\t\t\t<img loading=\"lazy\" decoding=\"async\" width=\"497\" height=\"280\" src=\"https:\/\/bpcanadashingle.com.br\/wp-content\/uploads\/2026\/01\/ventilacao-telhado-shingle.jpg\" class=\"attachment-full size-full wp-image-822\" alt=\"\" srcset=\"https:\/\/bpcanadashingle.com.br\/wp-content\/uploads\/2026\/01\/ventilacao-telhado-shingle.jpg 497w, https:\/\/bpcanadashingle.com.br\/wp-content\/uploads\/2026\/01\/ventilacao-telhado-shingle-300x169.jpg 300w\" sizes=\"(max-width: 497px) 100vw, 497px\" \/>\t\t\t\t\t\t\t\t\t\t\t\t\t\t\t<\/div>\n\t\t\t\t<div class=\"elementor-element elementor-element-5a517a3 elementor-widget elementor-widget-heading\" data-id=\"5a517a3\" data-element_type=\"widget\" data-e-type=\"widget\" data-widget_type=\"heading.default\">\n\t\t\t\t\t<h2 class=\"elementor-heading-title elementor-size-default\">Ventila\u00e7\u00e3o de Telhados Shingle<\/h2>\t\t\t\t<\/div>\n\t\t\t\t<div class=\"elementor-element elementor-element-cbfe4f4 elementor-align-justify elementor-widget elementor-widget-button\" data-id=\"cbfe4f4\" data-element_type=\"widget\" data-e-type=\"widget\" data-widget_type=\"button.default\">\n\t\t\t\t\t\t\t\t\t\t<a class=\"elementor-button elementor-button-link elementor-size-sm\" href=\"https:\/\/bpcanadashingle.com.br\/index.php\/ventilacao-de-telhados-shingle\/\">\n\t\t\t\t\t\t<span class=\"elementor-button-content-wrapper\">\n\t\t\t\t\t\t<span class=\"elementor-button-icon\">\n\t\t\t\t<svg aria-hidden=\"true\" class=\"e-font-icon-svg e-fas-long-arrow-alt-right\" viewBox=\"0 0 448 512\" xmlns=\"http:\/\/www.w3.org\/2000\/svg\"><path d=\"M313.941 216H12c-6.627 0-12 5.373-12 12v56c0 6.627 5.373 12 12 12h301.941v46.059c0 21.382 25.851 32.09 40.971 16.971l86.059-86.059c9.373-9.373 9.373-24.569 0-33.941l-86.059-86.059c-15.119-15.119-40.971-4.411-40.971 16.971V216z\"><\/path><\/svg>\t\t\t<\/span>\n\t\t\t\t\t\t\t\t\t<span class=\"elementor-button-text\">Ver mais<\/span>\n\t\t\t\t\t<\/span>\n\t\t\t\t\t<\/a>\n\t\t\t\t\t\t\t\t<\/div>\n\t\t\t\t<\/div>\n\t\t\t\t<\/div>\n\t\t\t\t\t<\/div>\n\t\t\t\t<\/div>\n\t\t\t\t<\/div>\n\t\t","protected":false},"excerpt":{"rendered":"<p>Nossos Produtos Telha Shingle Dakota Ver mais Telha Shingle Mystique Ver mais Manta Subcobertura Ver mais Base OSB APA Plus para Telhado Shingle Ver mais Placas Plywood para Telhado Shingle Ver mais Prote\u00e7\u00e3o e Acess\u00f3rios de Telhados Shingle Ver mais Ventila\u00e7\u00e3o de Telhados Shingle Ver mais<\/p>\n","protected":false},"author":1,"featured_media":0,"parent":0,"menu_order":0,"comment_status":"closed","ping_status":"closed","template":"elementor_header_footer","meta":{"_joinchat":[],"footnotes":""},"class_list":["post-96","page","type-page","status-publish","hentry"],"_links":{"self":[{"href":"https:\/\/bpcanadashingle.com.br\/index.php\/wp-json\/wp\/v2\/pages\/96","targetHints":{"allow":["GET"]}}],"collection":[{"href":"https:\/\/bpcanadashingle.com.br\/index.php\/wp-json\/wp\/v2\/pages"}],"about":[{"href":"https:\/\/bpcanadashingle.com.br\/index.php\/wp-json\/wp\/v2\/types\/page"}],"author":[{"embeddable":true,"href":"https:\/\/bpcanadashingle.com.br\/index.php\/wp-json\/wp\/v2\/users\/1"}],"replies":[{"embeddable":true,"href":"https:\/\/bpcanadashingle.com.br\/index.php\/wp-json\/wp\/v2\/comments?post=96"}],"version-history":[{"count":43,"href":"https:\/\/bpcanadashingle.com.br\/index.php\/wp-json\/wp\/v2\/pages\/96\/revisions"}],"predecessor-version":[{"id":832,"href":"https:\/\/bpcanadashingle.com.br\/index.php\/wp-json\/wp\/v2\/pages\/96\/revisions\/832"}],"wp:attachment":[{"href":"https:\/\/bpcanadashingle.com.br\/index.php\/wp-json\/wp\/v2\/media?parent=96"}],"curies":[{"name":"wp","href":"https:\/\/api.w.org\/{rel}","templated":true}]}}