{"id":699,"date":"2026-01-06T01:51:45","date_gmt":"2026-01-06T04:51:45","guid":{"rendered":"https:\/\/bpcanadashingle.com.br\/?page_id=699"},"modified":"2026-01-06T17:45:34","modified_gmt":"2026-01-06T20:45:34","slug":"protecao-e-acessorios-de-telhados-shingle","status":"publish","type":"page","link":"https:\/\/bpcanadashingle.com.br\/index.php\/protecao-e-acessorios-de-telhados-shingle\/","title":{"rendered":"Prote\u00e7\u00e3o e Acess\u00f3rios de Telhados Shingle"},"content":{"rendered":"\t\t<div data-elementor-type=\"wp-page\" data-elementor-id=\"699\" class=\"elementor elementor-699\" data-elementor-post-type=\"page\">\n\t\t\t\t<div class=\"elementor-element elementor-element-0cd8d89 e-con-full e-flex e-con e-parent\" data-id=\"0cd8d89\" data-element_type=\"container\" data-e-type=\"container\" data-settings=\"{&quot;background_background&quot;:&quot;classic&quot;}\">\n\t\t\t\t<\/div>\n\t\t<div class=\"elementor-element elementor-element-83567e1 e-flex e-con-boxed e-con e-parent\" data-id=\"83567e1\" data-element_type=\"container\" data-e-type=\"container\" data-settings=\"{&quot;background_background&quot;:&quot;classic&quot;}\">\n\t\t\t\t\t<div class=\"e-con-inner\">\n\t\t<div class=\"elementor-element elementor-element-beb6cd7 e-con-full e-flex e-con e-child\" data-id=\"beb6cd7\" data-element_type=\"container\" data-e-type=\"container\">\n\t\t\t\t<div class=\"elementor-element elementor-element-44f048f animated-slow elementor-invisible elementor-widget elementor-widget-heading\" data-id=\"44f048f\" data-element_type=\"widget\" data-e-type=\"widget\" data-settings=\"{&quot;_animation&quot;:&quot;fadeInLeft&quot;}\" data-widget_type=\"heading.default\">\n\t\t\t\t\t<h2 class=\"elementor-heading-title elementor-size-default\">Prote\u00e7\u00e3o e Acess\u00f3rios de Telhados Shingle<\/h2>\t\t\t\t<\/div>\n\t\t\t\t<\/div>\n\t\t<div class=\"elementor-element elementor-element-52ccfb5 e-con-full e-flex e-con e-child\" data-id=\"52ccfb5\" data-element_type=\"container\" data-e-type=\"container\">\n\t\t\t\t<div class=\"elementor-element elementor-element-9d902b1 elementor-widget elementor-widget-text-editor\" data-id=\"9d902b1\" data-element_type=\"widget\" data-e-type=\"widget\" data-widget_type=\"text-editor.default\">\n\t\t\t\t\t\t\t\t\t<p data-start=\"206\" data-end=\"573\">A\u00a0<strong data-start=\"208\" data-end=\"242\">Telha Shingle 3 Abas da BP CANADA no modelo Dakota<\/strong>\u00a0\u00e9 a escolha ideal para quem busca durabilidade, est\u00e9tica diferenciada e prote\u00e7\u00e3o superior contra intemp\u00e9ries em coberturas residenciais e comerciais.<\/p><p data-start=\"206\" data-end=\"573\">Produzida no Canad\u00e1,\u00a0<strong>\u00e9 a \u00fanica com 2 selantes \u2013 dobro de prote\u00e7\u00e3o contra ventos e infiltra\u00e7\u00f5es<\/strong>\u00a0\u2013 e oferece excelente desempenho t\u00e9cnico aliado a design moderno, com tecnologia desenvolvida para resistir a diferentes condi\u00e7\u00f5es clim\u00e1ticas.<\/p>\t\t\t\t\t\t\t\t<\/div>\n\t\t\t\t<div class=\"elementor-element elementor-element-5d0f512 elementor-widget elementor-widget-image\" data-id=\"5d0f512\" data-element_type=\"widget\" data-e-type=\"widget\" data-widget_type=\"image.default\">\n\t\t\t\t\t\t\t\t\t\t\t\t\t\t\t<img fetchpriority=\"high\" decoding=\"async\" width=\"1750\" height=\"956\" src=\"https:\/\/bpcanadashingle.com.br\/wp-content\/uploads\/2025\/12\/img-produto.jpg\" class=\"attachment-full size-full wp-image-636\" alt=\"\" srcset=\"https:\/\/bpcanadashingle.com.br\/wp-content\/uploads\/2025\/12\/img-produto.jpg 1750w, https:\/\/bpcanadashingle.com.br\/wp-content\/uploads\/2025\/12\/img-produto-300x164.jpg 300w, https:\/\/bpcanadashingle.com.br\/wp-content\/uploads\/2025\/12\/img-produto-1024x559.jpg 1024w, https:\/\/bpcanadashingle.com.br\/wp-content\/uploads\/2025\/12\/img-produto-768x420.jpg 768w, https:\/\/bpcanadashingle.com.br\/wp-content\/uploads\/2025\/12\/img-produto-1536x839.jpg 1536w\" sizes=\"(max-width: 1750px) 100vw, 1750px\" \/>\t\t\t\t\t\t\t\t\t\t\t\t\t\t\t<\/div>\n\t\t\t\t<\/div>\n\t\t<div class=\"elementor-element elementor-element-2be75fd e-con-full e-flex e-con e-child\" data-id=\"2be75fd\" data-element_type=\"container\" data-e-type=\"container\">\n\t\t\t\t<div class=\"elementor-element elementor-element-705d1e0 elementor-widget elementor-widget-text-editor\" data-id=\"705d1e0\" data-element_type=\"widget\" data-e-type=\"widget\" data-widget_type=\"text-editor.default\">\n\t\t\t\t\t\t\t\t\t<h2>Conhe\u00e7a mais a Telha Shingle Dakota da BP CANADA<\/h2><div><p>A linha Dakota da BP CANADA \u00e9 um modelo de 3 Abas iguais em cada tira de telha, tornando o aspecto mais linear do telhado.<\/p><p>\u00c9 a cole\u00e7\u00e3o de Telhas Shingle com melhor custo benef\u00edcio, sem perder a qualidade e contando com um design incr\u00edvel.<\/p><h3>\u00danica com 2 selantes \u2013 Protege o dobro contra ventos e infiltra\u00e7\u00f5es<\/h3><p>A\u00a0<strong data-start=\"333\" data-end=\"346\">BP CANADA<\/strong>, fabricante h\u00e1 mais de um s\u00e9culo, se destaca por oferecer tecnologia exclusiva que garante maior durabilidade e seguran\u00e7a \u00e0s suas telhas shingle.<\/p><p>Um dos principais diferenciais est\u00e1 no\u00a0<strong data-start=\"498\" data-end=\"526\">sistema de duplo selante<\/strong>, desenvolvido para proporcionar veda\u00e7\u00e3o superior em compara\u00e7\u00e3o \u00e0s telhas convencionais dispon\u00edveis no mercado.<\/p><p id=\"tw-target-text\" class=\"tw-data-text tw-text-large tw-ta\" dir=\"ltr\" data-placeholder=\"Tradu\u00e7\u00e3o\"><span class=\"Y2IQFc\" lang=\"pt\">Protege totalmente seu telhado, enquanto real\u00e7a a sua beleza natural, aumentando e valorizando o im\u00f3vel, para novos projetos ou reformas.<\/span><\/p><\/div>\t\t\t\t\t\t\t\t<\/div>\n\t\t\t\t<\/div>\n\t\t<div class=\"elementor-element elementor-element-ff4ca74 e-con-full e-flex e-con e-child\" data-id=\"ff4ca74\" data-element_type=\"container\" data-e-type=\"container\">\n\t\t\t\t<div class=\"elementor-element elementor-element-9e6cf62 elementor-widget elementor-widget-text-editor\" data-id=\"9e6cf62\" data-element_type=\"widget\" data-e-type=\"widget\" data-widget_type=\"text-editor.default\">\n\t\t\t\t\t\t\t\t\t<h4 class=\"tw-data-text tw-text-large tw-ta\" dir=\"ltr\" data-placeholder=\"Tradu\u00e7\u00e3o\"><strong><span class=\"Y2IQFc\" lang=\"pt\">A Telha Shingle Dakota\u00a0<\/span><\/strong><span class=\"Y2IQFc\" lang=\"pt\"><strong>tem qualidade comprovada h\u00e1 mais de 100 anos pelo fabricante canadense BP CANADA<\/strong><\/span><\/h4><p class=\"tw-data-text tw-text-large tw-ta\" dir=\"ltr\" data-placeholder=\"Tradu\u00e7\u00e3o\"><span class=\"Y2IQFc\" lang=\"pt\">A classifica\u00e7\u00e3o de alto desempenho desta telha cl\u00e1ssica garante anos de confiabilidade e tranquilidade.<\/span><\/p><p dir=\"ltr\" data-placeholder=\"Tradu\u00e7\u00e3o\"><span class=\"Y2IQFc\" lang=\"pt\">Sua garantia de vento padr\u00e3o cobre at\u00e9 180 km\/h, enquanto sua garantia de vento forte cobre at\u00e9 200 km\/h (conforme instru\u00e7\u00f5es de aplica\u00e7\u00e3o especial).<\/span><\/p><h3 dir=\"ltr\" data-placeholder=\"Tradu\u00e7\u00e3o\">Padr\u00e3o de Cores \u2013 Modelos em Estoque<\/h3><p class=\"tw-data-text tw-text-large tw-ta\" dir=\"ltr\" data-placeholder=\"Tradu\u00e7\u00e3o\"><span class=\"Y2IQFc\" lang=\"pt\">Dakota oferece uma sele\u00e7\u00e3o de cores elegantes que apresentam uma varia\u00e7\u00e3o sutil de tom para criar uma apar\u00eancia din\u00e2mica que combina com muitos estilos residenciais e comerciais.<\/span><\/p><h3 dir=\"ltr\" data-placeholder=\"Tradu\u00e7\u00e3o\">Telha Shingle Dakota Two-Tone Black<\/h3><p><strong data-start=\"506\" data-end=\"535\">Varia\u00e7\u00e3o de tons de preto<\/strong>: design two-tone que proporciona profundidade visual e requinte arquitet\u00f4nico.<\/p>\t\t\t\t\t\t\t\t<\/div>\n\t\t\t\t<\/div>\n\t\t\t\t\t<\/div>\n\t\t\t\t<\/div>\n\t\t\t\t<\/div>\n\t\t","protected":false},"excerpt":{"rendered":"<p>Prote\u00e7\u00e3o e Acess\u00f3rios de Telhados Shingle A\u00a0Telha Shingle 3 Abas da BP CANADA no modelo Dakota\u00a0\u00e9 a escolha ideal para quem busca durabilidade, est\u00e9tica diferenciada e prote\u00e7\u00e3o superior contra intemp\u00e9ries em coberturas residenciais e comerciais. Produzida no Canad\u00e1,\u00a0\u00e9 a \u00fanica com 2 selantes \u2013 dobro de prote\u00e7\u00e3o contra ventos e infiltra\u00e7\u00f5es\u00a0\u2013 e oferece excelente desempenho [&hellip;]<\/p>\n","protected":false},"author":1,"featured_media":821,"parent":0,"menu_order":0,"comment_status":"closed","ping_status":"closed","template":"elementor_header_footer","meta":{"_joinchat":[],"footnotes":""},"class_list":["post-699","page","type-page","status-publish","has-post-thumbnail","hentry"],"_links":{"self":[{"href":"https:\/\/bpcanadashingle.com.br\/index.php\/wp-json\/wp\/v2\/pages\/699","targetHints":{"allow":["GET"]}}],"collection":[{"href":"https:\/\/bpcanadashingle.com.br\/index.php\/wp-json\/wp\/v2\/pages"}],"about":[{"href":"https:\/\/bpcanadashingle.com.br\/index.php\/wp-json\/wp\/v2\/types\/page"}],"author":[{"embeddable":true,"href":"https:\/\/bpcanadashingle.com.br\/index.php\/wp-json\/wp\/v2\/users\/1"}],"replies":[{"embeddable":true,"href":"https:\/\/bpcanadashingle.com.br\/index.php\/wp-json\/wp\/v2\/comments?post=699"}],"version-history":[{"count":4,"href":"https:\/\/bpcanadashingle.com.br\/index.php\/wp-json\/wp\/v2\/pages\/699\/revisions"}],"predecessor-version":[{"id":710,"href":"https:\/\/bpcanadashingle.com.br\/index.php\/wp-json\/wp\/v2\/pages\/699\/revisions\/710"}],"wp:featuredmedia":[{"embeddable":true,"href":"https:\/\/bpcanadashingle.com.br\/index.php\/wp-json\/wp\/v2\/media\/821"}],"wp:attachment":[{"href":"https:\/\/bpcanadashingle.com.br\/index.php\/wp-json\/wp\/v2\/media?parent=699"}],"curies":[{"name":"wp","href":"https:\/\/api.w.org\/{rel}","templated":true}]}}